{"id":18993,"date":"2026-01-01T11:46:04","date_gmt":"2026-01-01T11:46:04","guid":{"rendered":"https:\/\/univet.rstheme.com\/red-one\/?page_id=18993"},"modified":"2026-04-13T14:34:01","modified_gmt":"2026-04-13T14:34:01","slug":"palabras-del-presidente","status":"publish","type":"page","link":"https:\/\/mcaschool.education\/es\/palabras-del-presidente\/","title":{"rendered":"Palabras del Presidente"},"content":{"rendered":"\t\t<div data-elementor-type=\"wp-page\" data-elementor-id=\"18993\" class=\"elementor elementor-18993\">\n\t\t\t\t<div data-aos-once=\"true\" class=\"elementor-element elementor-element-2fb8699 e-flex e-con-boxed e-con e-parent\" data-id=\"2fb8699\" data-element_type=\"container\" data-e-type=\"container\" data-settings=\"{&quot;background_background&quot;:&quot;classic&quot;}\">\n\t\t\t\t\t<div class=\"e-con-inner\">\n\t\t\t\t<div data-aos-once=\"true\" class=\"elementor-element elementor-element-523a794 elementor-widget elementor-widget-rstb-breadcrumb\" data-id=\"523a794\" data-element_type=\"widget\" data-e-type=\"widget\" data-widget_type=\"rstb-breadcrumb.default\">\n\t\t\t\t\t        <div class=\"rstb-breadcrumb\">\r\n\t\t\t<span class=\"home-icon\"><svg class=\"e-font-icon-svg e-fas-home\" viewBox=\"0 0 576 512\" xmlns=\"http:\/\/www.w3.org\/2000\/svg\"><path d=\"M280.37 148.26L96 300.11V464a16 16 0 0 0 16 16l112.06-.29a16 16 0 0 0 15.92-16V368a16 16 0 0 1 16-16h64a16 16 0 0 1 16 16v95.64a16 16 0 0 0 16 16.05L464 480a16 16 0 0 0 16-16V300L295.67 148.26a12.19 12.19 0 0 0-15.3 0zM571.6 251.47L488 182.56V44.05a12 12 0 0 0-12-12h-56a12 12 0 0 0-12 12v72.61L318.47 43a48 48 0 0 0-61 0L4.34 251.47a12 12 0 0 0-1.6 16.9l25.5 31A12 12 0 0 0 45.15 301l235.22-193.74a12.19 12.19 0 0 1 15.3 0L530.9 301a12 12 0 0 0 16.9-1.6l25.5-31a12 12 0 0 0-1.7-16.93z\"><\/path><\/svg><\/span><span property=\"itemListElement\" typeof=\"ListItem\"><a property=\"item\" typeof=\"WebPage\" title=\"Ir a MCA School.\" href=\"https:\/\/mcaschool.education\/es\" class=\"home\" ><span property=\"name\">MCA School<\/span><\/a><meta property=\"position\" content=\"1\"><\/span><span class=\"item-separator\"><svg class=\"e-font-icon-svg e-fas-angle-double-right\" viewBox=\"0 0 448 512\" xmlns=\"http:\/\/www.w3.org\/2000\/svg\"><path d=\"M224.3 273l-136 136c-9.4 9.4-24.6 9.4-33.9 0l-22.6-22.6c-9.4-9.4-9.4-24.6 0-33.9l96.4-96.4-96.4-96.4c-9.4-9.4-9.4-24.6 0-33.9L54.3 103c9.4-9.4 24.6-9.4 33.9 0l136 136c9.5 9.4 9.5 24.6.1 34zm192-34l-136-136c-9.4-9.4-24.6-9.4-33.9 0l-22.6 22.6c-9.4 9.4-9.4 24.6 0 33.9l96.4 96.4-96.4 96.4c-9.4 9.4-9.4 24.6 0 33.9l22.6 22.6c9.4 9.4 24.6 9.4 33.9 0l136-136c9.4-9.2 9.4-24.4 0-33.8z\"><\/path><\/svg><\/span><span property=\"itemListElement\" typeof=\"ListItem\"><a property=\"item\" typeof=\"WebPage\" title=\"Ir a Blog.\" href=\"https:\/\/mcaschool.education\/es\/blog\/\" class=\"post-root post post-post\" aria-current=\"page\"><span property=\"name\">Blog<\/span><\/a><meta property=\"position\" content=\"2\"><\/span>        <\/div>\r\n\t\t\t\t\t\t<\/div>\n\t\t\t\t<div data-aos-once=\"true\" class=\"elementor-element elementor-element-edc7d1b elementor-widget__width-initial elementor-widget-laptop__width-initial elementor-widget-tablet__width-inherit elementor-widget elementor-widget-rstb-page-title\" data-id=\"edc7d1b\" data-element_type=\"widget\" data-e-type=\"widget\" data-widget_type=\"rstb-page-title.default\">\n\t\t\t\t\t<h1 class=\"rstb-page-title\"><\/h1>\t\t\t\t<\/div>\n\t\t\t\t<div data-aos-once=\"true\" class=\"elementor-element elementor-element-5a886d3 elementor-widget-laptop__width-initial elementor-hidden-desktop elementor-hidden-laptop elementor-hidden-tablet_extra elementor-hidden-tablet elementor-hidden-mobile_extra elementor-hidden-mobile elementor-widget elementor-widget-text-editor\" data-id=\"5a886d3\" data-element_type=\"widget\" data-e-type=\"widget\" data-widget_type=\"text-editor.default\">\n\t\t\t\t\t\t\t\t\t<p>Palabras del presidente Palabras del presidente Palabras del presidente, Palabras del presidente: descubre la visi\u00f3n de MCA School. Nuestro fundador comparte su compromiso con la innovaci\u00f3n y formaci\u00f3n que transforma.<\/p>\t\t\t\t\t\t\t\t<\/div>\n\t\t\t\t\t<\/div>\n\t\t\t\t<\/div>\n\t\t<div data-aos-once=\"true\" class=\"elementor-element elementor-element-5db4f9a e-flex e-con-boxed e-con e-parent\" data-id=\"5db4f9a\" data-element_type=\"container\" data-e-type=\"container\" data-settings=\"{&quot;background_background&quot;:&quot;classic&quot;}\">\n\t\t\t\t\t<div class=\"e-con-inner\">\n\t\t<div data-aos-once=\"true\" class=\"elementor-element elementor-element-92d33e1 e-con-full e-flex e-con e-child\" data-id=\"92d33e1\" data-element_type=\"container\" data-e-type=\"container\">\n\t\t<div data-aos-once=\"true\" class=\"elementor-element elementor-element-944850b e-con-full e-flex e-con e-child\" data-id=\"944850b\" data-element_type=\"container\" data-e-type=\"container\" data-settings=\"{&quot;background_background&quot;:&quot;classic&quot;}\">\n\t\t\t\t<div data-aos-once=\"true\" class=\"elementor-element elementor-element-ee1fa1d elementor-widget elementor-widget-rs-image\" data-id=\"ee1fa1d\" data-element_type=\"widget\" data-e-type=\"widget\" data-widget_type=\"rs-image.default\">\n\t\t\t\t\t        <div class=\"rs-image\" >\r\n\t\t\t\t\t\t\t\t                        <img decoding=\"async\" class=\"rs-multi-image  reverse- blend_unset\" src=\"https:\/\/mcaschool.education\/es\/wp-content\/uploads\/2025\/11\/Maikel-Calzadilla.webp\"\r\n                             alt=\"Maikel Calzadilla\"\/>\r\n\t\t\t\t\t\t        <\/div>\r\n\t\t\t\t\t\t<\/div>\n\t\t\t\t<div data-aos-once=\"true\" class=\"elementor-element elementor-element-ff78d90 elementor-widget elementor-widget-rs-heading\" data-id=\"ff78d90\" data-element_type=\"widget\" data-e-type=\"widget\" data-widget_type=\"rs-heading.default\">\n\t\t\t\t\t\r\n        <div class=\"prelements-heading default left  animate-  \">\r\n            <div class=\"title-inner\">\r\n\t\t\t\t                    <span class=\"sub-text \">\r\n\t\t\t\t\t\tMaikel Calzadilla \u00c1vila\t\t\t\t\t<\/span>\r\n\t\t\t\t<h4 class=\"title  \">Presidente - CEO y Fundador<\/h4>            <\/div>\r\n\t\t\t                <div class=\"descripti\">\r\n\t\t\t\t\t<p><span style=\"color: #000000\">MCA Business &amp; Postgraduate School<\/span><\/p>                <\/div>\r\n\t\t\t        <\/div>\r\n\t\t\t\t\t\t<\/div>\n\t\t\t\t<\/div>\n\t\t<div data-aos-once=\"true\" class=\"elementor-element elementor-element-f81f27d e-con-full e-flex e-con e-child\" data-id=\"f81f27d\" data-element_type=\"container\" data-e-type=\"container\">\n\t\t\t\t<div data-aos-once=\"true\" class=\"elementor-element elementor-element-064b8e0 elementor-hidden-desktop elementor-hidden-laptop elementor-hidden-tablet_extra elementor-hidden-tablet elementor-hidden-mobile_extra elementor-hidden-mobile elementor-widget elementor-widget-rs-heading\" data-id=\"064b8e0\" data-element_type=\"widget\" data-e-type=\"widget\" data-widget_type=\"rs-heading.default\">\n\t\t\t\t\t\r\n        <div class=\"prelements-heading default left  animate-  \">\r\n            <div class=\"title-inner\">\r\n\t\t\t\t<h1 class=\"title rs-split-text-enable split-in-left \" data-split-type=\"default\" data-duration=\"0.8\" data-delay=\"0.02\">Palabras del Presidente<\/h1>            <\/div>\r\n\t\t\t                <div class=\"descripti\">\r\n\t\t\t\t\t<p>Palabras del presidente Palabras del presidente Palabras del presidente, Palabras del presidente: descubre la visi\u00f3n de MCA School. Nuestro fundador comparte su compromiso con la innovaci\u00f3n y formaci\u00f3n que transforma.<\/p><p>Palabras del Presidente: descubre la visi\u00f3n de MCA School. Nuestro fundador comparte su compromiso con la innovaci\u00f3n y formaci\u00f3n que transforma. Palabras del Presidente: descubre la visi\u00f3n de MCA School. Nuestro fundador comparte su compromiso con la innovaci\u00f3n y formaci\u00f3n que transforma.Palabras del Presidente: descubre la visi\u00f3n de MCA School. Nuestro fundador comparte su compromiso con la innovaci\u00f3n y formaci\u00f3n que transforma.<\/p><p>Palabras del Presidente: descubre la visi\u00f3n de MCA School. Nuestro fundador comparte su compromiso con la innovaci\u00f3n y formaci\u00f3n que transforma.<\/p>                <\/div>\r\n\t\t\t        <\/div>\r\n\t\t\t\t\t\t<\/div>\n\t\t\t\t<div data-aos-once=\"true\" class=\"elementor-element elementor-element-5baa24c elementor-widget elementor-widget-rs-heading\" data-id=\"5baa24c\" data-element_type=\"widget\" data-e-type=\"widget\" data-widget_type=\"rs-heading.default\">\n\t\t\t\t\t\r\n        <div class=\"prelements-heading default left  animate-  \">\r\n            <div class=\"title-inner\">\r\n\t\t\t\t<h2 class=\"title rs-split-text-enable split-in-left \" data-split-type=\"words\" data-duration=\"0.8\" data-delay=\"0.03\">Palabras del presidente fundador<\/h2>            <\/div>\r\n\t\t\t                <div class=\"descripti\">\r\n\t\t\t\t\t<p>Creo profundamente en la educaci\u00f3n como una fuerza capaz de transformar realidades. No como un concepto abstracto, sino como una experiencia concreta que cambia la manera en que una persona piensa, decide y construye su futuro.<\/p><p>A lo largo de mi trayectoria, entend\u00ed algo que marc\u00f3 el rumbo de este proyecto: el talento no est\u00e1 concentrado en unos pocos lugares del mundo. Est\u00e1 en todas partes. Lo que no siempre est\u00e1 disponible son las oportunidades para desarrollarlo con rigor, con estructura y con visi\u00f3n. <strong>MCA School<\/strong> nace precisamente de esa comprensi\u00f3n.<\/p>                <\/div>\r\n\t\t\t        <\/div>\r\n\t\t\t\t\t\t<\/div>\n\t\t<div data-aos-once=\"true\" class=\"elementor-element elementor-element-60847d3 e-con-full e-flex e-con e-child\" data-id=\"60847d3\" data-element_type=\"container\" data-e-type=\"container\" data-settings=\"{&quot;background_background&quot;:&quot;classic&quot;}\">\n\t\t\t\t<div data-aos-once=\"true\" class=\"elementor-element elementor-element-dae7877 elementor-position-inline-start elementor-view-default elementor-mobile-position-block-start elementor-widget elementor-widget-icon-box\" data-id=\"dae7877\" data-element_type=\"widget\" data-e-type=\"widget\" data-widget_type=\"icon-box.default\">\n\t\t\t\t\t\t\t<div class=\"elementor-icon-box-wrapper\">\n\n\t\t\t\t\t\t<div class=\"elementor-icon-box-icon\">\n\t\t\t\t<span  class=\"elementor-icon\">\n\t\t\t\t<svg xmlns=\"http:\/\/www.w3.org\/2000\/svg\" width=\"30\" height=\"30\" viewBox=\"0 0 30 30\"><path d=\"M11.25 3.75H2.8125C1.26187 3.75 0 5.01187 0 6.5625V15C0 16.5506 1.26187 17.8125 2.8125 17.8125H6.59719L5.17406 25.1344C5.14781 25.27 5.15187 25.4098 5.18593 25.5437C5.21999 25.6775 5.28322 25.8022 5.3711 25.9088C5.45898 26.0154 5.56932 26.1013 5.69425 26.1603C5.81918 26.2193 5.9556 26.2499 6.09375 26.25H9.13125C9.94687 26.25 10.6706 25.7166 10.9181 24.9441L13.6462 18.4706C13.6622 18.4331 13.6753 18.3956 13.6866 18.3581C13.9359 17.4591 14.0625 16.53 14.0625 15.5972V6.5625C14.0625 5.01187 12.8006 3.75 11.25 3.75ZM27.1875 3.75H18.75C17.1994 3.75 15.9375 5.01187 15.9375 6.5625V15C15.9375 16.5506 17.1994 17.8125 18.75 17.8125H22.5347L21.1116 25.1344C21.0848 25.2701 21.0885 25.41 21.1223 25.5441C21.1562 25.6782 21.2194 25.8031 21.3074 25.9099C21.3953 26.0166 21.5059 26.1025 21.6311 26.1613C21.7563 26.2201 21.8929 26.2504 22.0312 26.25H25.0688C25.8844 26.25 26.6091 25.7166 26.8547 24.9441L29.5847 18.4706C29.5997 18.4331 29.6128 18.3956 29.6241 18.3572C29.8734 17.4581 30 16.5291 30 15.5972V6.5625C30 5.01187 28.7381 3.75 27.1875 3.75Z\"><\/path><\/svg>\t\t\t\t<\/span>\n\t\t\t<\/div>\n\t\t\t\n\t\t\t\n\t\t<\/div>\n\t\t\t\t\t\t<\/div>\n\t\t\t\t<div data-aos-once=\"true\" class=\"elementor-element elementor-element-40942bf elementor-widget elementor-widget-text-editor\" data-id=\"40942bf\" data-element_type=\"widget\" data-e-type=\"widget\" data-widget_type=\"text-editor.default\">\n\t\t\t\t\t\t\t\t\t<p><strong>MCA School<\/strong> no fue concebida como una instituci\u00f3n m\u00e1s, sino como una respuesta a una necesidad real: ofrecer una educaci\u00f3n que est\u00e9 a la altura de los desaf\u00edos actuales, que respete el tiempo del profesional moderno y que, al mismo tiempo, mantenga est\u00e1ndares acad\u00e9micos s\u00f3lidos y coherentes.<\/p><p>Creo en la educaci\u00f3n online no como una alternativa, sino como una evoluci\u00f3n. Un espacio donde la flexibilidad no significa menor exigencia, y donde la innovaci\u00f3n no reemplaza el rigor, sino que lo potencia.<\/p>\t\t\t\t\t\t\t\t<\/div>\n\t\t\t\t<\/div>\n\t\t\t\t<div data-aos-once=\"true\" class=\"elementor-element elementor-element-bddf864 elementor-widget elementor-widget-rs-heading\" data-id=\"bddf864\" data-element_type=\"widget\" data-e-type=\"widget\" data-widget_type=\"rs-heading.default\">\n\t\t\t\t\t\r\n        <div class=\"prelements-heading default left  animate-  \">\r\n            <div class=\"title-inner\">\r\n\t\t\t\t            <\/div>\r\n\t\t\t                <div class=\"descripti\">\r\n\t\t\t\t\t<p>Cada programa que desarrollamos tiene un prop\u00f3sito claro: que quien lo curse no solo adquiera conocimiento, sino que desarrolle criterio, capacidad de an\u00e1lisis y una forma m\u00e1s estructurada de enfrentar la complejidad. Porque al final, la educaci\u00f3n que realmente importa es aquella que se refleja en c\u00f3mo una persona act\u00faa en el mundo.<\/p><p>Este proyecto es, para m\u00ed, una extensi\u00f3n de esa visi\u00f3n. Un compromiso con la calidad, con la innovaci\u00f3n y, sobre todo, con cada persona que decide confiar en este camino de formaci\u00f3n.<\/p>                <\/div>\r\n\t\t\t        <\/div>\r\n\t\t\t\t\t\t<\/div>\n\t\t\t\t<div data-aos-once=\"true\" class=\"elementor-element elementor-element-ecc8ed4 elementor-hidden-desktop elementor-hidden-laptop elementor-hidden-tablet_extra elementor-hidden-tablet elementor-hidden-mobile_extra elementor-hidden-mobile elementor-widget elementor-widget-rs-heading\" data-id=\"ecc8ed4\" data-element_type=\"widget\" data-e-type=\"widget\" data-widget_type=\"rs-heading.default\">\n\t\t\t\t\t\r\n        <div class=\"prelements-heading default left  animate-  \">\r\n            <div class=\"title-inner\">\r\n\t\t\t\t<h2 class=\"title  \">Palabras del Presidente<\/h2>            <\/div>\r\n\t\t\t                <div class=\"descripti\">\r\n\t\t\t\t\t<p>Palabras del Presidente: descubre la visi\u00f3n de MCA School. Nuestro fundador comparte su compromiso con la innovaci\u00f3n y formaci\u00f3n que transforma. Palabras del Presidente: descubre la visi\u00f3n de MCA School. Nuestro fundador comparte su compromiso con la innovaci\u00f3n y formaci\u00f3n que transforma. Palabras del Presidente: descubre la visi\u00f3n de MCA School. Nuestro fundador comparte su compromiso con la innovaci\u00f3n y formaci\u00f3n que transforma. Palabras del Presidente: descubre la visi\u00f3n de MCA School. Nuestro fundador comparte su compromiso con la innovaci\u00f3n y formaci\u00f3n que transforma. Palabras del Presidente: descubre la visi\u00f3n de MCA School. Nuestro fundador comparte su compromiso con la innovaci\u00f3n y formaci\u00f3n que transforma. Palabras del Presidente: descubre la visi\u00f3n de MCA School. Nuestro fundador comparte su compromiso con la innovaci\u00f3n y formaci\u00f3n que transforma. Palabras del Presidente: descubre la visi\u00f3n de MCA School. Nuestro fundador comparte su compromiso con la innovaci\u00f3n y formaci\u00f3n que transforma.<\/p>                <\/div>\r\n\t\t\t        <\/div>\r\n\t\t\t\t\t\t<\/div>\n\t\t\t\t<div data-aos-once=\"true\" class=\"elementor-element elementor-element-a90a584 elementor-hidden-desktop elementor-hidden-laptop elementor-hidden-tablet_extra elementor-hidden-tablet elementor-hidden-mobile_extra elementor-hidden-mobile elementor-widget elementor-widget-rs-heading\" data-id=\"a90a584\" data-element_type=\"widget\" data-e-type=\"widget\" data-widget_type=\"rs-heading.default\">\n\t\t\t\t\t\r\n        <div class=\"prelements-heading default left  animate-  \">\r\n            <div class=\"title-inner\">\r\n\t\t\t\t<h3 class=\"title  \">Palabras del Presidente<\/h3>            <\/div>\r\n\t\t\t                <div class=\"descripti\">\r\n\t\t\t\t\t<p>Palabras del Presidente, Palabras del Presidente, Palabras del Presidente, Palabras del Presidente: descubre la visi\u00f3n de MCA School. Nuestro fundador comparte su compromiso con la innovaci\u00f3n y formaci\u00f3n que transforma.<\/p><p>Palabras del Presidente: descubre la visi\u00f3n de MCA School. Nuestro fundador comparte su compromiso con la innovaci\u00f3n y formaci\u00f3n que transforma. Palabras del Presidente: descubre la visi\u00f3n de MCA School. Nuestro fundador comparte su compromiso con la innovaci\u00f3n y formaci\u00f3n que transforma.Palabras del Presidente: descubre la visi\u00f3n de MCA School. Nuestro fundador comparte su compromiso con la innovaci\u00f3n y formaci\u00f3n que transforma.<\/p><p>Palabras del Presidente: descubre la visi\u00f3n de MCA School. Nuestro fundador comparte su compromiso con la innovaci\u00f3n y formaci\u00f3n que transforma.<\/p>                <\/div>\r\n\t\t\t        <\/div>\r\n\t\t\t\t\t\t<\/div>\n\t\t\t\t<\/div>\n\t\t\t\t<\/div>\n\t\t\t\t\t<\/div>\n\t\t\t\t<\/div>\n\t\t<div data-aos-once=\"true\" class=\"elementor-element elementor-element-65f091f e-flex e-con-boxed e-con e-parent\" data-id=\"65f091f\" data-element_type=\"container\" data-e-type=\"container\" data-settings=\"{&quot;background_background&quot;:&quot;classic&quot;}\">\n\t\t\t\t\t<div class=\"e-con-inner\">\n\t\t\t\t<div data-aos-once=\"true\" class=\"elementor-element elementor-element-23750ee elementor-hidden-desktop elementor-hidden-laptop elementor-hidden-tablet_extra elementor-hidden-tablet elementor-hidden-mobile_extra elementor-hidden-mobile elementor-widget elementor-widget-rs-heading\" data-id=\"23750ee\" data-element_type=\"widget\" data-e-type=\"widget\" data-widget_type=\"rs-heading.default\">\n\t\t\t\t\t\r\n        <div class=\"prelements-heading default left  animate-  \">\r\n            <div class=\"title-inner\">\r\n\t\t\t\t<h2 class=\"title  \">Palabras del Presidente<\/h2>            <\/div>\r\n\t\t\t                <div class=\"descripti\">\r\n\t\t\t\t\t<p>Palabras del Presidente: descubre la visi\u00f3n de MCA School. Nuestro fundador comparte su compromiso con la innovaci\u00f3n y formaci\u00f3n que transforma. Palabras del Presidente: descubre la visi\u00f3n de MCA School. Nuestro fundador comparte su compromiso con la innovaci\u00f3n y formaci\u00f3n que transforma. Palabras del Presidente: descubre la visi\u00f3n de MCA School. Nuestro fundador comparte su compromiso con la innovaci\u00f3n y formaci\u00f3n que transforma. Palabras del Presidente: descubre la visi\u00f3n de MCA School. Nuestro fundador comparte su compromiso con la innovaci\u00f3n y formaci\u00f3n que transforma. Palabras del Presidente: descubre la visi\u00f3n de MCA School. Nuestro fundador comparte su compromiso con la innovaci\u00f3n y formaci\u00f3n que transforma. Palabras del Presidente: descubre la visi\u00f3n de MCA School. Nuestro fundador comparte su compromiso con la innovaci\u00f3n y formaci\u00f3n que transforma. Palabras del Presidente: descubre la visi\u00f3n de MCA School. Nuestro fundador comparte su compromiso con la innovaci\u00f3n y formaci\u00f3n que transforma.<\/p>                <\/div>\r\n\t\t\t        <\/div>\r\n\t\t\t\t\t\t<\/div>\n\t\t\t\t<div data-aos-once=\"true\" class=\"elementor-element elementor-element-0797b36 elementor-widget-mobile__width-inherit elementor-widget-laptop__width-initial elementor-widget elementor-widget-rs-heading\" data-id=\"0797b36\" data-element_type=\"widget\" data-e-type=\"widget\" data-widget_type=\"rs-heading.default\">\n\t\t\t\t\t\r\n        <div class=\"prelements-heading style1 center  animate-  \">\r\n            <div class=\"title-inner\">\r\n\t\t\t\t                    <span class=\"sub-text \">\r\n\t\t\t\t\t\t\u00bfEst\u00e1s listo para transformar tu realidad?\t\t\t\t\t<\/span>\r\n\t\t\t\t            <\/div>\r\n\t\t\t        <\/div>\r\n\t\t\t\t\t\t<\/div>\n\t\t\t\t<div data-aos-once=\"true\" class=\"elementor-element elementor-element-a2b09b2 elementor-widget-mobile__width-initial elementor-widget-laptop__width-initial elementor-widget__width-initial elementor-widget elementor-widget-rs-heading\" data-id=\"a2b09b2\" data-element_type=\"widget\" data-e-type=\"widget\" data-widget_type=\"rs-heading.default\">\n\t\t\t\t\t\r\n        <div class=\"prelements-heading style1 center  animate-  \">\r\n            <div class=\"title-inner\">\r\n\t\t\t\t<h1 class=\"title  \">\u00danete a un modelo educativo dise\u00f1ado para potenciar tu talento con rigor, visi\u00f3n y flexibilidad global.<\/h1>            <\/div>\r\n\t\t\t                <div class=\"descripti\">\r\n\t\t\t\t\t<p>Comienza hoy tu camino de formaci\u00f3n en una instituci\u00f3n comprometida con la excelencia y la innovaci\u00f3n educativa.<\/p>                <\/div>\r\n\t\t\t        <\/div>\r\n\t\t\t\t\t\t<\/div>\n\t\t\t\t<div data-aos-once=\"true\" class=\"elementor-element elementor-element-ec8e50f elementor-widget elementor-widget-button\" data-id=\"ec8e50f\" data-element_type=\"widget\" data-e-type=\"widget\" data-widget_type=\"button.default\">\n\t\t\t\t\t\t\t\t\t\t<a class=\"elementor-button elementor-button-link elementor-size-sm\" href=\"https:\/\/mcaschool.education\/es\/certificaciones-internacionales\/\">\n\t\t\t\t\t\t<span class=\"elementor-button-content-wrapper\">\n\t\t\t\t\t\t<span class=\"elementor-button-icon\">\n\t\t\t\t<svg xmlns=\"http:\/\/www.w3.org\/2000\/svg\" width=\"22\" height=\"18\" viewBox=\"0 0 22 18\"><path d=\"M11.0002 8.99989C10.9393 8.99983 10.879 8.98875 10.8222 8.96719L0.32215 4.96719C0.227414 4.93113 0.145875 4.86713 0.0883417 4.78368C0.0308088 4.70022 0 4.60125 0 4.49989C0 4.39852 0.0308088 4.29955 0.0883417 4.21609C0.145875 4.13264 0.227414 4.06864 0.32215 4.03259L10.8222 0.0325862C10.9368 -0.0108621 11.0635 -0.0108621 11.1782 0.0325862L21.6782 4.03259C21.7729 4.06864 21.8544 4.13264 21.912 4.21609C21.9695 4.29955 22.0003 4.39852 22.0003 4.49989C22.0003 4.60125 21.9695 4.70022 21.912 4.78368C21.8544 4.86713 21.7729 4.93113 21.6782 4.96719L11.1782 8.96719C11.1213 8.98875 11.061 8.99983 11.0002 8.99989ZM1.9047 4.49989L11.0002 7.96489L20.0956 4.49989L11.0002 1.03489L1.9047 4.49989Z\"><\/path><path d=\"M11 15.9999C10.9392 15.9998 10.8789 15.9888 10.822 15.9672L4.322 13.4922C4.22729 13.4561 4.14579 13.3921 4.08828 13.3087C4.03078 13.2252 3.99999 13.1262 4 13.0249V6.0249C4 5.89229 4.05268 5.76512 4.14645 5.67135C4.24021 5.57758 4.36739 5.5249 4.5 5.5249C4.63261 5.5249 4.75979 5.57758 4.85355 5.67135C4.94732 5.76512 5 5.89229 5 6.0249V12.6799L11 14.9649L17 12.6799V6.0249C17 5.89229 17.0527 5.76512 17.1464 5.67135C17.2402 5.57758 17.3674 5.5249 17.5 5.5249C17.6326 5.5249 17.7598 5.57758 17.8536 5.67135C17.9473 5.76512 18 5.89229 18 6.0249V13.0249C18 13.1262 17.9692 13.2252 17.9117 13.3087C17.8542 13.3921 17.7727 13.4561 17.678 13.4922L11.178 15.9672C11.1211 15.9888 11.0608 15.9998 11 15.9999Z\"><\/path><path d=\"M2.5 15.0001C2.36739 15.0001 2.24021 14.9474 2.14645 14.8536C2.05268 14.7598 2 14.6327 2 14.5001V5.262C1.99999 5.13712 2.04671 5.01676 2.13096 4.92459C2.21522 4.83242 2.33092 4.77512 2.4553 4.76395L10.9553 4.002C11.0874 3.99015 11.2188 4.03125 11.3206 4.11627C11.4224 4.20129 11.4862 4.32326 11.4981 4.45535C11.5099 4.58744 11.4688 4.71883 11.3838 4.82062C11.2988 4.92241 11.1768 4.98625 11.0447 4.9981L3 5.7193V14.5001C3 14.6327 2.94732 14.7598 2.85355 14.8536C2.75979 14.9474 2.63261 15.0001 2.5 15.0001Z\"><\/path><path d=\"M3.5 18H1.5C1.36739 18 1.24021 17.9473 1.14645 17.8536C1.05268 17.7598 1 17.6326 1 17.5V15.5C1 15.1022 1.15804 14.7206 1.43934 14.4393C1.72064 14.158 2.10218 14 2.5 14C2.89782 14 3.27936 14.158 3.56066 14.4393C3.84196 14.7206 4 15.1022 4 15.5V17.5C4 17.6326 3.94732 17.7598 3.85355 17.8536C3.75979 17.9473 3.63261 18 3.5 18ZM2 17H3V15.5C3 15.3674 2.94732 15.2402 2.85355 15.1464C2.75979 15.0527 2.63261 15 2.5 15C2.36739 15 2.24021 15.0527 2.14645 15.1464C2.05268 15.2402 2 15.3674 2 15.5V17Z\"><\/path><\/svg>\t\t\t<\/span>\n\t\t\t\t\t\t\t\t\t<span class=\"elementor-button-text\">Explora nuestros programas<\/span>\n\t\t\t\t\t<\/span>\n\t\t\t\t\t<\/a>\n\t\t\t\t\t\t\t\t<\/div>\n\t\t\t\t\t<\/div>\n\t\t\t\t<\/div>\n\t\t\t\t<\/div>\n\t\t","protected":false},"excerpt":{"rendered":"<p>MCA SchoolBlog Palabras del presidente Palabras del presidente Palabras del presidente, Palabras del presidente: descubre la visi\u00f3n de MCA School. Nuestro fundador comparte su compromiso con la innovaci\u00f3n y formaci\u00f3n que transforma. Maikel Calzadilla \u00c1vila Presidente &#8211; CEO y Fundador MCA Business &amp; Postgraduate School Palabras del Presidente Palabras del presidente Palabras del presidente Palabras [&hellip;]<\/p>\n","protected":false},"author":1,"featured_media":0,"parent":0,"menu_order":0,"comment_status":"closed","ping_status":"closed","template":"","meta":{"footnotes":""},"class_list":["post-18993","page","type-page","status-publish","hentry"],"aioseo_notices":[],"_links":{"self":[{"href":"https:\/\/mcaschool.education\/es\/wp-json\/wp\/v2\/pages\/18993","targetHints":{"allow":["GET"]}}],"collection":[{"href":"https:\/\/mcaschool.education\/es\/wp-json\/wp\/v2\/pages"}],"about":[{"href":"https:\/\/mcaschool.education\/es\/wp-json\/wp\/v2\/types\/page"}],"author":[{"embeddable":true,"href":"https:\/\/mcaschool.education\/es\/wp-json\/wp\/v2\/users\/1"}],"replies":[{"embeddable":true,"href":"https:\/\/mcaschool.education\/es\/wp-json\/wp\/v2\/comments?post=18993"}],"version-history":[{"count":96,"href":"https:\/\/mcaschool.education\/es\/wp-json\/wp\/v2\/pages\/18993\/revisions"}],"predecessor-version":[{"id":26434,"href":"https:\/\/mcaschool.education\/es\/wp-json\/wp\/v2\/pages\/18993\/revisions\/26434"}],"wp:attachment":[{"href":"https:\/\/mcaschool.education\/es\/wp-json\/wp\/v2\/media?parent=18993"}],"curies":[{"name":"wp","href":"https:\/\/api.w.org\/{rel}","templated":true}]}}